{"id":924,"date":"2016-07-29T12:11:55","date_gmt":"2016-07-29T10:11:55","guid":{"rendered":"https:\/\/www.petitmaisoncattolica.it\/home\/"},"modified":"2026-04-16T15:38:49","modified_gmt":"2026-04-16T13:38:49","slug":"home","status":"publish","type":"page","link":"https:\/\/www.petitmaisoncattolica.it\/fr\/","title":{"rendered":"Petit Maison Lido Cattolica per le tue vacanze al mare"},"content":{"rendered":"<p>L&rsquo;Hotel Lido si allarga dando il benvenuto all&rsquo;hotel Ritter che da oggi diventa <strong>Petit Maison Lido<\/strong>, nel cuore del corso pedonale di <strong>via Dante a soli 50 mt. dal mare.<\/strong><\/p>\n<p>La Petit Maison \u00e8 il mix perfetto per una clientela che desidera<strong> vivere il mare in maggiore libert\u00e0 a prezzi convenienti<\/strong> senza rinunciare alla comodit\u00e0, ai comfort e alle nostre coccole!<\/p>\n<p>Per una vacanza dinamica e rilassante allo stesso tempo abbiamo pensato di allargare la nostra offerta con un hotel con <strong>trattamento di mezza pensione<\/strong> grazie a cui potrai godere ogni istante della tua giornata tra mare, sole, bike tour e divertimento senza il vincolo dell&rsquo;orario del pranzo.<\/p>\n<p><a href=\"https:\/\/www.hotellidocattolica.com\/\" target=\"_blank\" rel=\"noopener\"><img loading=\"lazy\" decoding=\"async\" class=\"alignnone size-full wp-image-927\" src=\"https:\/\/www.petitmaisoncattolica.it\/wp-content\/uploads\/2026\/04\/banner-lido.png\" alt=\"\" width=\"624\" height=\"238\" data-big-size=\"624x238\" \/><\/a><\/p>\n","protected":false},"excerpt":{"rendered":"<p>L&rsquo;Hotel Lido si allarga dando il benvenuto all&rsquo;hotel Ritter che da oggi diventa Petit Maison Lido, nel cuore del corso pedonale di via Dante a soli 50 mt. dal mare. La Petit Maison \u00e8 il mix perfetto per una clientela che desidera vivere il mare in maggiore libert\u00e0 a prezzi convenienti senza rinunciare alla comodit\u00e0, ai comfort e alle nostre coccole! Per una vacanza dinamica e rilassante allo stesso tempo &#8230;<\/p>\n","protected":false},"author":1,"featured_media":0,"parent":0,"menu_order":0,"comment_status":"closed","ping_status":"closed","template":"","meta":{"_acf_changed":false},"class_list":["post-924","page","type-page","status-publish","hentry"],"acf":[],"_links":{"self":[{"href":"https:\/\/www.petitmaisoncattolica.it\/fr\/wp-json\/wp\/v2\/pages\/924","targetHints":{"allow":["GET"]}}],"collection":[{"href":"https:\/\/www.petitmaisoncattolica.it\/fr\/wp-json\/wp\/v2\/pages"}],"about":[{"href":"https:\/\/www.petitmaisoncattolica.it\/fr\/wp-json\/wp\/v2\/types\/page"}],"author":[{"embeddable":true,"href":"https:\/\/www.petitmaisoncattolica.it\/fr\/wp-json\/wp\/v2\/users\/1"}],"replies":[{"embeddable":true,"href":"https:\/\/www.petitmaisoncattolica.it\/fr\/wp-json\/wp\/v2\/comments?post=924"}],"version-history":[{"count":0,"href":"https:\/\/www.petitmaisoncattolica.it\/fr\/wp-json\/wp\/v2\/pages\/924\/revisions"}],"wp:attachment":[{"href":"https:\/\/www.petitmaisoncattolica.it\/fr\/wp-json\/wp\/v2\/media?parent=924"}],"curies":[{"name":"wp","href":"https:\/\/api.w.org\/{rel}","templated":true}]}}